{"id":12320,"date":"2020-06-10T20:01:24","date_gmt":"2020-06-11T02:01:24","guid":{"rendered":"http:\/\/www.midiplomado.com.mx\/wp\/?post_type=product&#038;p=12320"},"modified":"2020-06-10T21:44:44","modified_gmt":"2020-06-11T03:44:44","slug":"especializate","status":"publish","type":"product","link":"https:\/\/www.midiplomado.com.mx\/wp\/producto\/especializate\/","title":{"rendered":"ESPECIALIZATE EN SEGURIDAD Y MEDIO AMBIENTE"},"content":{"rendered":"<h1 style=\"text-align: center;\">Especial\u00edzate en \ud83c\udfed <span style=\"color: #0000ff;\">SEGURIDAD Y MEDIO AMBIENTE \ud83c\udfed<\/span> cursando los siguientes DIPLOMADOS por un pago <span style=\"color: #ff0000;\">\u00daNICO de $2999 pesos<\/span>:<\/h1>\n<hr \/>\n<h2 style=\"text-align: center;\">\ud83d\udc77\u200d\u2642 <span style=\"color: #003366;\">DIPLOMADO EN SEGURIDAD INDUSTRIAL<\/span> \ud83d\udc77\u200d\u2640<\/h2>\n<h3 style=\"text-align: center;\">\ud83d\udc49 <a href=\"http:\/\/www.midiplomado.com.mx\/programas\/Diplomado_Seguridad_Industrial.pdf\">Descarga el temario<\/a>\ud83d\udc48<\/h3>\n<h2 style=\"text-align: center;\">\ud83c\udf33 <span style=\"color: #008000;\">DIPLOMADO EN GESTI\u00d3N AMBIENTAL<\/span> \ud83c\udf43<\/h2>\n<h3 style=\"text-align: center;\">\ud83d\udc49<a href=\"http:\/\/www.midiplomado.com.mx\/wp\/wp-content\/uploads\/2020\/06\/PRESENTACI\u00d3N-DIPLOMADO-EN-GESTI\u00d3N-AMBIENTAL.pdf\">Descarga el temario<\/a>\ud83d\udc48<\/h3>\n<h3 style=\"text-align: center;\"><\/h3>\n<hr \/>\n<p>Al concluir, por cada programa recibir\u00e1s tu <strong>DIPLOMA <\/strong>con validez curricular, expedido por nosotros y con el respaldo del Centro de Estudios Superiores en Negocios y Humanidades, instituci\u00f3n de posgrado con Clave de Centro de Trabajo 10PSU0069Z\u00a0 (<a href=\"http:\/\/cesnh.edu.mx\">cesnh.edu.mx<\/a>), adem\u00e1s por el Diplomado en Seguridad Industrial, recibir\u00e1s tu constancias <strong>DC3 de la STPS<\/strong> por 120hrs de capacitaci\u00f3n y por el Diplomado en Gesti\u00f3n Ambiental, recibir\u00e1s una <strong>CONSTANCIA de competencias por ASOPREM<\/strong>, y cuando concluyas ambos diplomados, podr\u00e1s solicitar tu <strong>CERTIFICADO DE CAPACITACI\u00d3N<\/strong> como <em><strong><span style=\"color: #003366;\">ESPECIALISTA EN SEGURIDAD Y MEDIO AMBIENTE, <\/span><\/strong><\/em><span style=\"color: #003366;\"><span style=\"color: #000000;\">por el<\/span><\/span><span style=\"color: #000000;\">\u00a0<strong>INSTITUTO DE INDUSTRIA<\/strong>.<\/span><\/p>\n<h3>\ud83d\udcf1 Informaci\u00f3n por Whatsapp: (614) 229-4731<br \/>\n\ud83d\udcc5 Inscripciones hasta el 17 de Junio del 2020<br \/>\n\ud83d\udcc6 Inicio formal del curso: 18 de Junio del 2020<br \/>\n\u23f3 Duraci\u00f3n: 4 meses (120 horas)<br \/>\n\ud83d\udcbb Modalidad: En l\u00ednea<br \/>\n\ud83d\udcd8 Clave del Curso: ESM<br \/>\n\ud83d\udcb0 Costo: 2 Diplomados x $2999 pesos<\/h3>\n<p style=\"text-align: center;\"><span style=\"color: #808080;\"><strong>\ud83d\udc65 CUPO LIMITADO CON LA PROMOCI\u00d3N A 30 PARTICIPANTES \ud83d\udc65<\/strong><\/span><\/p>\n<p style=\"text-align: center;\">\u23e9Podr\u00e1s acceder las 24 hrs del d\u00eda y administrar tu grado de avance a tu ritmo por hasta 4 meses definiendo tus fechas de entregas. \u23ea<\/p>\n<hr \/>\n<p>\ud83d\udcb8 Para inscribirte paga en cualquiera de estas opciones:<\/p>\n<p>a) Paga en cualquier sucursal Oxxo a la cuenta <strong>4766 8409 1631 1397<\/strong> de Banamex o la cuenta <strong>5579 1001 1645 9155<\/strong> de Santander, tambie\u0301n puedes hacerlo con tu ficha de pago personalizada para igual pagar en OXXO solicit\u00e1ndola por \u00e9ste medio.<\/p>\n<p>b) Paga en cualquier sucursal \ud83c\udfe6 Santander al n\u00famero:\u00a0<strong>5579 1001 1645 9155<\/strong><\/p>\n<p>c) Transferencia a la \ud83d\udcf2 CLABE\u00a0<strong>646420125500645279<\/strong>\u00a0de Sistema de Transferencia de Pago o STP como banco receptor a nombre de MiDiplomado<\/p>\n<p>d) Paga con tu tarjeta de cr\u00e9dito o d\u00e9bito \ud83d\udcb3 en nuestra tienda online o a trav\u00e9s de PayPal a 3 meses sin intereses, a\u00f1adiendo este productor a tu \ud83d\uded2 carrito.<\/p>\n<p>\ud83d\udcfd Puedes revisar el siguiente video para conocer el proceso de inscripci\u00f3n:\u00a0<a href=\"https:\/\/youtu.be\/DNANv-jNB04\">https:\/\/youtu.be\/DNANv-jNB04<\/a><\/p>\n<p><img class=\"_1ift _2560 img lazyloaded\" src=\"https:\/\/static.xx.fbcdn.net\/images\/emoji.php\/v9\/tea\/1\/16\/1f4ec.png\" alt=\"\ud83d\udcec\" data-lazy-src=\"https:\/\/static.xx.fbcdn.net\/images\/emoji.php\/v9\/tea\/1\/16\/1f4ec.png\" data-was-processed=\"true\" \/>\u00a0Una vez realizado tu pago,\u00a0<strong>confirma<\/strong>\u00a0tu inscripci\u00f3n al correo\u00a0<strong>hola@midiplomado.com<\/strong> con tu comprobante de pago, nombre completo, CURP, correo electr\u00f3nico y el diplomado que deseas inscribir para enviarte tus datos de acceso.<\/p>\n<hr \/>\n<p><strong>\ud83c\udf93 Dirigido a:<\/strong><\/p>\n<p>El programa est\u00e1 dise\u00f1ado para todo aquel que tenga inter\u00e9s en especializarse en las \u00e1reas de seguridad industrial y gesti\u00f3n ambiental mediante el desarrollo de competencias pertinentes al desempe\u00f1o laboral de ambas disciplinas, c\u00f3mo la seguridad en el trabajo mediante la observaci\u00f3n preventiva (STOP), el cuidado del medio ambiente y la gesti\u00f3n ambiental dentro de las empresas, as\u00ed como ser capaz de identificar condiciones y actos inseguros; en general, el programa va dirigido a\u00a0 ingenieros, administradores y publico en general que desee desarrollar estas competencias y habilidades dentro de cualquier actividad generadora de bienes o servicios.<\/p>\n","protected":false},"excerpt":{"rendered":"<p>S\u00c9 UN ESPECIALISTA EN SEGURIDAD Y MEDIO AMBIENTE<\/p>\n<p>Vigencia para concluir: 4 meses<\/p>\n","protected":false},"featured_media":12321,"comment_status":"open","ping_status":"closed","template":"","meta":[],"product_cat":[133],"product_tag":[],"aioseo_notices":[],"_links":{"self":[{"href":"https:\/\/www.midiplomado.com.mx\/wp\/wp-json\/wp\/v2\/product\/12320"}],"collection":[{"href":"https:\/\/www.midiplomado.com.mx\/wp\/wp-json\/wp\/v2\/product"}],"about":[{"href":"https:\/\/www.midiplomado.com.mx\/wp\/wp-json\/wp\/v2\/types\/product"}],"replies":[{"embeddable":true,"href":"https:\/\/www.midiplomado.com.mx\/wp\/wp-json\/wp\/v2\/comments?post=12320"}],"wp:featuredmedia":[{"embeddable":true,"href":"https:\/\/www.midiplomado.com.mx\/wp\/wp-json\/wp\/v2\/media\/12321"}],"wp:attachment":[{"href":"https:\/\/www.midiplomado.com.mx\/wp\/wp-json\/wp\/v2\/media?parent=12320"}],"wp:term":[{"taxonomy":"product_cat","embeddable":true,"href":"https:\/\/www.midiplomado.com.mx\/wp\/wp-json\/wp\/v2\/product_cat?post=12320"},{"taxonomy":"product_tag","embeddable":true,"href":"https:\/\/www.midiplomado.com.mx\/wp\/wp-json\/wp\/v2\/product_tag?post=12320"}],"curies":[{"name":"wp","href":"https:\/\/api.w.org\/{rel}","templated":true}]}}