{"id":11472,"date":"2019-04-24T18:51:13","date_gmt":"2019-04-25T00:51:13","guid":{"rendered":"http:\/\/www.midiplomado.com.mx\/wp\/?post_type=product&#038;p=11472"},"modified":"2021-06-11T19:59:30","modified_gmt":"2021-06-12T01:59:30","slug":"diplomado-en-salud-ocupacional","status":"publish","type":"product","link":"https:\/\/www.midiplomado.com.mx\/wp\/producto\/diplomado-en-salud-ocupacional\/","title":{"rendered":"Diplomado en Salud Ocupacional"},"content":{"rendered":"<h2 style=\"text-align: center;\">Cursa el<span style=\"color: #000080;\"><strong> \ud83e\ude7a Diplomado en Salud Ocupacional \ud83e\ude7a <\/strong><\/span>por un pago \u00fanico de <span style=\"color: #ff0000;\">$2999 pesos\u00a0<\/span>y \ud83d\udd25 LL\u00c9VATE OTRO \ud83d\udd25 diplomado igual para cursarlo con un colega o amigo, o bien, elige otro diplomado para ti de los siguientes:<\/h2>\n<p>Puedes combinarlo con cualquiera de los siguientes diplomados:<\/p>\n<ul>\n<li>\ud83d\udcca Diplomado en Administraci\u00f3n y Direcci\u00f3n de Proyectos: <a href=\"http:\/\/www.midiplomado.com.mx\/wp\/producto\/diplomado-en-administracion-y-direccion-de-proyectos\/\" target=\"_blank\" rel=\"noopener noreferrer\">Conoce el programa<\/a><\/li>\n<li>\ud83d\udcc8 Diplomado en Calidad y Productividad: <a href=\"http:\/\/www.midiplomado.com.mx\/wp\/producto\/diplomado-en-calidad-y-productividad\/\" target=\"_blank\" rel=\"noopener noreferrer\">Conoce el programa<\/a><\/li>\n<li>\ud83d\udc77 Diplomado en Seguridad Industrial: <a href=\"http:\/\/www.midiplomado.com.mx\/wp\/producto\/diplomado-en-seguridad-industrial\/\" target=\"_blank\" rel=\"noopener noreferrer\">Conoce el programa<\/a><\/li>\n<li>\ud83c\udfe2 Diplomado en \u00c9tica Empresarial: <a href=\"http:\/\/www.midiplomado.com.mx\/wp\/producto\/diplomado-etica-empresarial\/\" target=\"_blank\" rel=\"noopener noreferrer\">Conoce el programa<\/a><\/li>\n<li>\ud83d\udde3\ufe0f Diplomado en Liderazgo de Alto Impacto: <a title=\"Diplomado en Liderazgo de Alto Impacto\" href=\"http:\/\/www.midiplomado.com.mx\/wp\/producto\/diplomado-en-liderazgo-de-alto-impacto\/\" target=\"_blank\" rel=\"noopener noreferrer\">Conoce el programa<\/a><\/li>\n<li>\u26d1 Diplomado en Medicina Preventiva y del Trabajo: <a title=\"Diplomado en Medicina Preventiva y del Trabajo\" href=\"https:\/\/www.midiplomado.com.mx\/wp\/producto\/diplomado-en-medicina-preventiva\/\" target=\"_blank\" rel=\"nofollow noopener noreferrer\">Conoce el programa<\/a><\/li>\n<li>\u26f4 Diplomado en Cadena de Suministro: <a href=\"http:\/\/www.midiplomado.com.mx\/wp\/producto\/diplomado-en-cadena-de-suministro\/\">Conoce el programa<\/a><\/li>\n<li>\u267b\ufe0f Diplomado en Gesti\u00f3n Ambiental: <a title=\"Diplomado en Gesti\u00f3n Ambiental\" href=\"http:\/\/www.midiplomado.com.mx\/wp\/producto\/diplomado-en-gestion-ambiental\/\" target=\"_blank\" rel=\"noopener noreferrer\">Conoce el programa<\/a><\/li>\n<li>\ud83e\ude7a Diplomado en Sexualidad Humana: <a title=\"Diplomado en Sexualidad Humana\" href=\"https:\/\/www.midiplomado.com.mx\/wp\/producto\/diplomado-en-sexualidad-humana\/\" target=\"_blank\" rel=\"noopener noreferrer\">Conoce el programa<\/a><\/li>\n<li>\ud83d\udc68\ud83c\udffb\u200d\ud83d\udcbc Diplomado en Coaching Empresarial: <a title=\"Diplomado en Coaching Empresarial\" href=\"https:\/\/www.midiplomado.com.mx\/wp\/producto\/diplomado-en-coaching-empresarial\/\" target=\"_blank\" rel=\"noopener noreferrer\">Conoce el programa<\/a><\/li>\n<li>\u26a0\ufe0f Diplomado en Intervenci\u00f3n en Crisis y Primeros Auxilios Psicol\u00f3gicos: <a title=\"Diplomado en Intervenci\u00f3n en Crisis y Primeros Auxilios Psicol\u00f3gicos (2\u00d71)\" href=\"https:\/\/www.midiplomado.com.mx\/wp\/producto\/diplomado-en-intervencion-en-crisis-y-primeros-auxilios-psicologicos\/\" target=\"_blank\" rel=\"noopener noreferrer\">Conoce el programa<\/a><\/li>\n<li>\u26b1 \ud83d\uded0 Diplomado en Tanatolog\u00eda: <a title=\"Diplomado en Tanatolog\u00eda (2\u00d71)\" href=\"https:\/\/www.midiplomado.com.mx\/wp\/producto\/diplomado-en-tanatologia\/\" target=\"_blank\" rel=\"noopener noreferrer\">Conoce el programa<\/a><\/li>\n<li>\ud83c\udfe5 Diplomado en Psicolog\u00eda de la Salud y Medicina: <a title=\"Diplomado en Psicolog\u00eda de la Salud y Medicina\" href=\"https:\/\/www.midiplomado.com.mx\/wp\/producto\/diplomado-en-psicologia-de-la-salud-y-medicina\/\" target=\"_blank\" rel=\"noopener noreferrer\">Conoce el programa<\/a><\/li>\n<li>\ud83c\udf4e Diplomado en Nutrici\u00f3n Cl\u00ednica: <a title=\"Diplomado en Nutrici\u00f3n Cl\u00ednica (2\u00d71)\" href=\"https:\/\/www.midiplomado.com.mx\/wp\/producto\/diplomado-en-nutricion-clinica\/\" target=\"_blank\" rel=\"noopener noreferrer\">Conoce el programa<\/a><\/li>\n<li>\ud83d\udeb4\u200d\u2640\ufe0f Diplomado en Nutrici\u00f3n Deportiva: <a title=\"Diplomado en Nutrici\u00f3n Cl\u00ednica (2\u00d71)\" href=\"https:\/\/www.midiplomado.com.mx\/wp\/producto\/diplomado-en-nutricion-clinica\/\" target=\"_blank\" rel=\"noopener noreferrer\">Conoce el programa<\/a><\/li>\n<li>\ud83e\ude7a Diplomado en Nutrici\u00f3n y Diabetes: <a title=\"Diplomado en Nutrici\u00f3n Cl\u00ednica (2\u00d71)\" href=\"https:\/\/www.midiplomado.com.mx\/wp\/producto\/diplomado-en-nutricion-clinica\/\" target=\"_blank\" rel=\"noopener noreferrer\">Conoce el programa<\/a><\/li>\n<\/ul>\n<p>&nbsp;<\/p>\n<h3 style=\"text-align: left;\"><span style=\"color: #000080;\"><strong><span class=\"_5mfr\"><span class=\"_6qdm\">\ud83d\udcc5<\/span><\/span> Inscripciones abierta<br \/>\n<span class=\"_5mfr\"><span class=\"_6qdm\">\u23f3<\/span><\/span>\u00a0Duraci\u00f3n: 4 meses (120 horas)<br \/>\n<span class=\"_5mfr\"><span class=\"_6qdm\">\ud83d\udcbb<\/span><\/span>\u00a0Modalidad: En l\u00ednea<br \/>\n<span class=\"_5mfr\"><span class=\"_6qdm\">\ud83c\uddf2\ud83c\uddfd<\/span><\/span>\u00a0Cobertura Internacional: M\u00e9xico y Latinoam\u00e9rica.<br \/>\n<span class=\"_5mfr\"><span class=\"_6qdm\">\ud83d\udcd8<\/span><\/span>\u00a0Clave Del Curso: DSO<br \/>\n<span class=\"_5mfr\"><span class=\"_6qdm\">\ud83d\udcc6 <\/span><\/span><\/strong><\/span><span style=\"color: #000080;\"><strong>Pregunta por nuestras fechas de inicio<\/strong><\/span><\/h3>\n<p style=\"text-align: center;\"><strong>\ud83d\udc65 CUPO LIMITADO \ud83d\udc65<\/strong><\/p>\n<p>Podr\u00e1s acceder las 24 hrs del d\u00eda y administrar tu grado de avance a tu ritmo por hasta 4 meses definiendo tus fechas de entregas.<\/p>\n<p>Al concluir se te entrega un Diploma con valid\u00e9z curricular por 120 horas de capacitaci\u00f3n efectivas respaldado por el Centro de Estudios Superiores en Negocios y Humanidades con Clave 10PSU0069Z de registro ante la SEP y una constancia de habilidades y competencias laborales DC3 registrada en la STPS como Diplomado en Diagn\u00f3stico y Dise\u00f1o de Planes de Prevenci\u00f3n de Riesgos en Salud Ocupacional.<\/p>\n<h2 style=\"text-align: center;\"><a href=\"http:\/\/www.midiplomado.com.mx\/wp\/wp-content\/uploads\/2019\/04\/Diplomado-en-Salud-Ocupacional.pdf\" target=\"_blank\" rel=\"noopener noreferrer\">Descargar el Programa de Estudio<\/a><\/h2>\n<p>\ud83d\udcb8 Para inscribirte paga en cualquiera de estas opciones:<\/p>\n<p>a) Paga en cualquier \ud83c\udfea tienda OXXO \u00a0solicitando tu ficha de dep\u00f3sito personalizada por InBox en nuestra fanpage de Facebook (<a href=\"https:\/\/facebook.com\/midiplomado\">https:\/\/facebook.com\/midiplomado<\/a>) o al correo hola@midiplomado.com o al WhatApp <strong>55 2344 1795<\/strong><\/p>\n<p>b) Paga en cualquier sucursal y practicajas de <strong>\u00a0\ud83c\udfe6 <\/strong>\u00a0<strong>Santander<\/strong> al n\u00famero de cuenta<strong>: 5579 0701 1887 1220<\/strong><\/p>\n<p>c) Transferencia a la \ud83d\udcf2 CLABE<strong> 646420125500645279<\/strong>\u00a0de Sistema de Transferencia de Pago o STP como banco receptor a nombre de MiDiplomado<\/p>\n<p>d) Paga con tu tarjeta de cr\u00e9dito o d\u00e9bito \ud83d\udcb3 en nuestra tienda online o a trav\u00e9s de PayPal a 3 meses sin intereses o MercadoPago, a\u00f1adiendo este productor a tu \ud83d\uded2 carrito.<\/p>\n<p>\ud83d\udcfd Puedes revisar el siguiente video para conocer el proceso de inscripci\u00f3n:\u00a0<a href=\"https:\/\/youtu.be\/DNANv-jNB04\">https:\/\/youtu.be\/DNANv-jNB04<\/a><\/p>\n<p><img class=\"_1ift _2560 img\" src=\"https:\/\/static.xx.fbcdn.net\/images\/emoji.php\/v9\/tea\/1\/16\/1f4ec.png\" alt=\"\ud83d\udcec\" \/>\u00a0Una vez realizado tu pago,\u00a0<strong>confirma<\/strong>\u00a0tu inscripci\u00f3n al correo\u00a0<strong>hola@midiplomado.com<\/strong>\u00a0con tu comprobante de pago, nombre completo, CURP, correo electr\u00f3nico y el diplomado que deseas inscribir para enviarte tus datos de acceso;\u00a0<em><strong>si vas a compartir con alg\u00fan colega el otro diplomado tambi\u00e9n anexa los datos de la otra persona.<\/strong><\/em><\/p>\n<p>&nbsp;<\/p>\n<p><strong>Introducci\u00f3n:<\/strong><\/p>\n<p>La salud ocupacional es un tema importante en las organizaciones o empresas, dado que su funci\u00f3n es velar por el bienestar, La salud y condiciones de trabajo seguras y dignas de los trabajadores. Es vital la presencia de la salud ocupacional en el entorno laboral ya que m\u00e1s all\u00e1 de buscar el bienestar f\u00edsico, social y mental de los trabajadores, esta tambi\u00e9n busca establecer y mantener un ambiente de trabajo sano y seguro.<\/p>\n<p><strong>Objetivo General:<\/strong><\/p>\n<p>Este curso te permitir\u00e1 adquirir los conocimientos y desarrollar las competencias necesarias para emplear habilidades y destrezas dentro de las organizaciones o empresas. Podr\u00e1s aplicar y encauzar programas y t\u00e9cnicas para lograr el bienestar f\u00edsico, mental y social de los empleados en sus \u00e1reas de trabajo. El alumno lograra atribuir a su empresa una mejora continua de la cultura organizacional, buscando un desarrollo organizacional sostenible.<\/p>\n<p><strong>Dirigido a:<\/strong><\/p>\n<p>El programa est\u00e1 dirigido a todas las personas interesadas en conocer e implementar programas de salud ocupacional en sus \u00e1reas de trabajo, desde coordinadores responsables de la salud ocupacional, supervisores de \u00e1rea en salud, seguridad e higiene, brigadistas de respuesta inmediata a un incidente y\u00a0 emprendedores que desean conocer m\u00e1s sobre las condiciones dignas y sostenibles con las que deben contar al realizar sus actividades laborales.<\/p>\n<p><strong>Perfil de Egreso:<\/strong><\/p>\n<p>Al terminar el curso el alumno ser\u00e1 capaz de:<\/p>\n<ul>\n<li>comprender los conceptos y fundamentos de la salud ocupacional.<\/li>\n<li>Identificar los programas de la salud ocupacional.<\/li>\n<li>Conocer la importancia y emplear la metodolog\u00eda de la investigaci\u00f3n relacionado a las enfermedades y accidentes laborales.<\/li>\n<li>Realizar un plan de salud ocupacional en base a un proceso metodol\u00f3gico.<\/li>\n<li>Gestionar recursos humanos y financieros para el desarrollo de un plan de salud ocupacional.<\/li>\n<\/ul>\n<p><strong>Estructura Modular del Programa:<\/strong><\/p>\n<p><strong><u>M\u00f3dulo 1.- Introducci\u00f3n de la salud ocupacional<\/u><\/strong><\/p>\n<p>Historia<\/p>\n<p>Definici\u00f3n<\/p>\n<p>Contextualizaci\u00f3n actual de la salud ocupacional en M\u00e9xico<\/p>\n<p>Estructura organizacional, responsabilidades y recursos<\/p>\n<p>&nbsp;<\/p>\n<p><strong><u>M\u00f3dulo 2.- Objetivos de la salud ocupacional<\/u><\/strong><\/p>\n<p>Protecci\u00f3n y promoci\u00f3n de la salud de los trabajadores<\/p>\n<p>Identificar accidentes de trabajo, enfermedades profesionales y reducci\u00f3n de factores de riesgo<\/p>\n<p>Protecci\u00f3n social y derecho a la seguridad social<\/p>\n<p>Recuperaci\u00f3n de la salud<\/p>\n<p>&nbsp;<\/p>\n<p><strong><u>M\u00f3dulo 3.- Tipos de Programas de salud ocupacional<\/u><\/strong><\/p>\n<p>Planes de higiene (relacionadas con la asepsia y la seguridad en torno a las cuestiones higi\u00e9nicas)<\/p>\n<p>Planes de seguridad (aseguran la vida de los empleados en aspectos relacionados con riesgos o accidentes)<\/p>\n<p>Planes de medicina preventiva (acciones que tomara la empresa a fin de prevenir cualquier tipo de enfermedad)<\/p>\n<p>&nbsp;<\/p>\n<p><strong><u>M\u00f3dulo 4.- Metodolog\u00eda de programas de salud ocupacional<\/u><\/strong><\/p>\n<p>Pol\u00edtica de salud ocupacional (nivel gerencial)<\/p>\n<p>Introducci\u00f3n (antecedentes y misi\u00f3n a cumplir del programa)<\/p>\n<p>Diagnostico (situaci\u00f3n actual, evaluaci\u00f3n de programas anteriores o identificaci\u00f3n de la necesidad de generar nuevos)<\/p>\n<p>Planeaci\u00f3n (objetivos, programaci\u00f3n de actividades, asignaci\u00f3n de responsable y resultados esperados)<\/p>\n<p>&nbsp;<\/p>\n<p><strong><u>M\u00f3dulo 5.- Ambiente laboral, control operacional y planes complementarios<\/u><\/strong><\/p>\n<p>Introducci\u00f3n<\/p>\n<p>Medio ambiente laboral<\/p>\n<p>Normativas<\/p>\n<p>&nbsp;<\/p>\n","protected":false},"excerpt":{"rendered":"<p>Diplomado en Salud Ocupacional<br \/>\nVigencia para concluir: 4 meses<br \/>\nEntregables: Diploma con valor curricular por 120hrs de capacitaci\u00f3n y Constancia DC3 ante STPS por 120 horas<\/p>\n<p>&nbsp;<\/p>\n","protected":false},"featured_media":12505,"comment_status":"closed","ping_status":"closed","template":"","meta":[],"product_cat":[123,143],"product_tag":[],"aioseo_notices":[],"_links":{"self":[{"href":"https:\/\/www.midiplomado.com.mx\/wp\/wp-json\/wp\/v2\/product\/11472"}],"collection":[{"href":"https:\/\/www.midiplomado.com.mx\/wp\/wp-json\/wp\/v2\/product"}],"about":[{"href":"https:\/\/www.midiplomado.com.mx\/wp\/wp-json\/wp\/v2\/types\/product"}],"replies":[{"embeddable":true,"href":"https:\/\/www.midiplomado.com.mx\/wp\/wp-json\/wp\/v2\/comments?post=11472"}],"wp:featuredmedia":[{"embeddable":true,"href":"https:\/\/www.midiplomado.com.mx\/wp\/wp-json\/wp\/v2\/media\/12505"}],"wp:attachment":[{"href":"https:\/\/www.midiplomado.com.mx\/wp\/wp-json\/wp\/v2\/media?parent=11472"}],"wp:term":[{"taxonomy":"product_cat","embeddable":true,"href":"https:\/\/www.midiplomado.com.mx\/wp\/wp-json\/wp\/v2\/product_cat?post=11472"},{"taxonomy":"product_tag","embeddable":true,"href":"https:\/\/www.midiplomado.com.mx\/wp\/wp-json\/wp\/v2\/product_tag?post=11472"}],"curies":[{"name":"wp","href":"https:\/\/api.w.org\/{rel}","templated":true}]}}