{"id":10708,"date":"2018-09-26T22:49:21","date_gmt":"2018-09-27T04:49:21","guid":{"rendered":"http:\/\/www.midiplomado.com.mx\/wp\/?post_type=product&#038;p=10708"},"modified":"2020-12-21T21:41:32","modified_gmt":"2020-12-22T03:41:32","slug":"diplomado-etica-empresarial","status":"publish","type":"product","link":"https:\/\/www.midiplomado.com.mx\/wp\/producto\/diplomado-etica-empresarial\/","title":{"rendered":"Diplomado en \u00c9tica Empresarial"},"content":{"rendered":"<h2 style=\"text-align: center\">Cursar el<strong> \ud83c\udf10 <span style=\"color: #008080\">Diplomado en \u00c9tica Empresarial<\/span> \ud83c\udf10<\/strong><strong>\u00a0<\/strong> por s\u00f3lo $1499 pesos<\/h2>\n<p>&nbsp;<\/p>\n<h3><span class=\"_5mfr\"><span class=\"_6qdm\">\ud83d\udcc5<\/span><\/span> Inscripciones durante el periodo de cuarentena por el Covid19<br \/>\n<span class=\"_5mfr\"><span class=\"_6qdm\">\u23f3<\/span><\/span>\u00a0Duraci\u00f3n: 4 meses (120 horas)<br \/>\n<span class=\"_5mfr\"><span class=\"_6qdm\">\ud83d\udcbb<\/span><\/span>\u00a0Modalidad: En l\u00ednea<br \/>\n\ud83c\udf10 Cobertura Internacional: M\u00e9xico y Latinoam\u00e9rica.<br \/>\n<span class=\"_5mfr\"><span class=\"_6qdm\">\ud83d\udcd8<\/span><\/span> Clave del Curso: DEE<br \/>\n<span class=\"_5mfr\"><span class=\"_6qdm\">\ud83d\udcc6<\/span><\/span> Inicio al realizar tu pago<\/h3>\n<p><a href=\"http:\/\/www.midiplomado.com.mx\/programas\/Diplomado%20en%20%C3%89tica%20Empresarial.pdf\" target=\"_blank\" rel=\"noopener noreferrer\"><strong>Descarga el programa<\/strong><\/a><\/p>\n<p>El mundo actual te enfrenta constantemente a dilemas que pondr\u00e1n a prueba tu modelo de pensamiento, valores y principios para tomar decisiones \u00e9ticas dentro de los est\u00e1ndares morales actuales.<\/p>\n<p><strong>Objetivo General:<\/strong><\/p>\n<p>Este diplomado te desarrollar\u00e1 las competencias necesarias para resolver dilemas \u00e9ticos que se presenten en tu entorno organizacional, considerando aspectos relevantes de las actividades organizacionales y los dilemas \u00e9ticos que estos conllevan.<\/p>\n<p>De igual manera, el diplomado te desarrollar\u00e1 un criterio pertinente para los retos en las negociaciones empresariales en un entorno globalizado, y lograr desempe\u00f1arte bajo una moral que se distinga como tu ventaja competitiva.<\/p>\n<p><strong>Dirigido a:<\/strong><\/p>\n<p>El programa est\u00e1 dise\u00f1ado para todo aquel que desee desarrollar sus habilidades gerenciales en la toma de decisiones basadas en una calidad moral \u00e9tica y que a su vez sea un sello distintivo en\u00a0 su actuar profesional.<\/p>\n<p><strong>Perfil de Egreso:<\/strong><\/p>\n<p>El egresado ser\u00e1 capaz de:<\/p>\n<ul>\n<li>Entender los conceptos y fundamentos de la \u00c9tica Empresarial.<\/li>\n<li>Analizar e identificar los factores relevantes de diversas problem\u00e1ticas que presenten dilemas morales.<\/li>\n<li>Identificar los factores morales y no morales de prob\u00e1ticas recurrentes en las organizaciones.<\/li>\n<li>Tomas decisiones moralmente \u00e9ticas.<\/li>\n<\/ul>\n<p><strong>Estructura Modular del Programa:<\/strong><\/p>\n<p><b>M\u00f3dulo 1: PRINCIPIOS Y BASES DE LA \u00c9TICA EN LOS NEGOCIOS<\/b><\/p>\n<ol>\n<li>\u00c9tica y moral en los negocios \u2013 proceso de reflexi\u00f3n \u00e9tica.<\/li>\n<li>\u00bfQu\u00e9 son los dilemas \u00e9ticos en los negocios?<\/li>\n<\/ol>\n<p><b>M\u00f3dulo 2: \u00c9TICA EN EL DESEMPE\u00d1O PROFESIONAL<\/b><\/p>\n<ol>\n<li>La \u00e9tica como ventaja competitiva.<\/li>\n<li>\u00c9tica y empleados.<\/li>\n<li>Cultura y \u00e9tica organizacional.<\/li>\n<\/ol>\n<p><b>M\u00f3dulo 3: \u00c9TICA EN LOS NEGOCIOS<\/b><\/p>\n<ol>\n<li>\u00c9tica Vs Negociaci\u00f3n.<\/li>\n<li>Aplicaci\u00f3n de la \u00e9tica en organizaciones corporativas.<\/li>\n<\/ol>\n<p><b>M\u00f3dulo 4: PRINCIPIOS \u00c9TICOS PARA LA GLOBALIZACI\u00d3N<\/b><\/p>\n<ol>\n<li>El impacto de la globalizaci\u00f3n en la \u00e9tica de las negociaciones.<\/li>\n<li>Los principios \u00e9ticos para la globalizaci\u00f3n.<\/li>\n<\/ol>\n","protected":false},"excerpt":{"rendered":"<p>Diplomado en\u00a0\u00c9tica Profesional<br \/>\nVigencia para concluir: 4 meses<br \/>\nEntregables: Diploma con valor curricular y Constancia de Habilidades y Competencias DC3 ambos por 120 horas<\/p>\n","protected":false},"featured_media":12514,"comment_status":"closed","ping_status":"closed","template":"","meta":[],"product_cat":[123],"product_tag":[],"aioseo_notices":[],"_links":{"self":[{"href":"https:\/\/www.midiplomado.com.mx\/wp\/wp-json\/wp\/v2\/product\/10708"}],"collection":[{"href":"https:\/\/www.midiplomado.com.mx\/wp\/wp-json\/wp\/v2\/product"}],"about":[{"href":"https:\/\/www.midiplomado.com.mx\/wp\/wp-json\/wp\/v2\/types\/product"}],"replies":[{"embeddable":true,"href":"https:\/\/www.midiplomado.com.mx\/wp\/wp-json\/wp\/v2\/comments?post=10708"}],"wp:featuredmedia":[{"embeddable":true,"href":"https:\/\/www.midiplomado.com.mx\/wp\/wp-json\/wp\/v2\/media\/12514"}],"wp:attachment":[{"href":"https:\/\/www.midiplomado.com.mx\/wp\/wp-json\/wp\/v2\/media?parent=10708"}],"wp:term":[{"taxonomy":"product_cat","embeddable":true,"href":"https:\/\/www.midiplomado.com.mx\/wp\/wp-json\/wp\/v2\/product_cat?post=10708"},{"taxonomy":"product_tag","embeddable":true,"href":"https:\/\/www.midiplomado.com.mx\/wp\/wp-json\/wp\/v2\/product_tag?post=10708"}],"curies":[{"name":"wp","href":"https:\/\/api.w.org\/{rel}","templated":true}]}}