{"id":87,"date":"2015-10-22T03:17:26","date_gmt":"2015-10-22T03:17:26","guid":{"rendered":"http:\/\/demo.thimpress.com\/eduma\/?page_id=87"},"modified":"2018-08-06T18:55:42","modified_gmt":"2018-08-07T00:55:42","slug":"contact","status":"publish","type":"page","link":"https:\/\/www.midiplomado.com.mx\/wp\/contact\/","title":{"rendered":"Contacto"},"content":{"rendered":"<div id=\"pl-87\"  class=\"panel-layout\" ><div id=\"pg-87-0\"  class=\"panel-grid panel-no-style\" ><div id=\"pgc-87-0-0\"  class=\"panel-grid-cell\" ><div id=\"panel-87-0-0-0\" class=\"so-panel widget widget_heading panel-first-child\" data-index=\"0\" ><div class=\"panel-widget-style panel-widget-style-for-87-0-0-0\" ><div class=\"thim-widget-heading template-base\"><div class=\"sc_heading   text-left\"><h3 style=\"text-transform: uppercase;\" class=\"title\">Informaci\u00f3n de Contacto<\/h3><p class=\"sub-heading\" style=\"\">Bienvenido a MiDiplomado.com deseamos que disfrutes tu visita<\/p><span class=\"line\"><\/span><\/div><\/div><\/div><\/div><div id=\"panel-87-0-0-1\" class=\"so-panel widget widget_siteorigin-panels-builder\" data-index=\"1\" ><div class=\"thim-border-top panel-widget-style panel-widget-style-for-87-0-0-1\" ><div id=\"pl-w5b68ee0e21e6c\"  class=\"panel-layout\" ><div id=\"pg-w5b68ee0e21e6c-0\"  class=\"panel-grid panel-no-style\" ><div id=\"pgc-w5b68ee0e21e6c-0-0\"  class=\"panel-grid-cell\" ><div id=\"panel-w5b68ee0e21e6c-0-0-0\" class=\"so-panel widget widget_icon-box panel-first-child panel-last-child\" data-index=\"0\" ><div class=\"thim-widget-icon-box template-base\"><div class=\"wrapper-box-icon has_read_more text-left contact_info \"  ><div class=\"smicon-box iconbox-left\"><div class=\"boxes-icon\" style=\"width: 30px;\"><span class=\"inner-icon\"><span class=\"icon\"><i class=\"fa fa-graduation-cap\" style=\"color:#ffb606; font-size:24px; line-height:24px; vertical-align: middle;\"><\/i><\/span><\/span><\/div><div class=\"content-inner\"  style=\"width: calc( 100% - 30px - 15px);\"><div class=\"sc-heading article_heading\"><h3 class = \"heading__primary\" >Plataforma Virtual<\/h3><\/div><div class=\"desc-icon-box\"><div class=\"desc-content\" ><a href=\"http:\/\/midiplomado.com\/virtual\" target=\"_new\">http:\/\/midiplomado.com\/virtual<\/a><\/div><\/div><\/div><\/div><!--end smicon-box--><\/div><\/div><\/div><\/div><div id=\"pgc-w5b68ee0e21e6c-0-1\"  class=\"panel-grid-cell\" ><div id=\"panel-w5b68ee0e21e6c-0-1-0\" class=\"so-panel widget widget_icon-box panel-first-child panel-last-child\" data-index=\"1\" ><div class=\"thim-widget-icon-box template-base\"><div class=\"wrapper-box-icon text-left contact_info \"  ><div class=\"smicon-box iconbox-left\"><div class=\"boxes-icon\" style=\"width: 30px;\"><span class=\"inner-icon\"><span class=\"icon\"><i class=\"fa fa-envelope\" style=\"color:#ffb606; font-size:24px; line-height:24px; vertical-align: middle;\"><\/i><\/span><\/span><\/div><div class=\"content-inner\"  style=\"width: calc( 100% - 30px - 15px);\"><div class=\"sc-heading article_heading\"><h3 class = \"heading__primary\" >Email<\/h3><\/div><div class=\"desc-icon-box\"><div class=\"desc-content\" ><a href=\"mailto:hola@midiplomado.com\">hola@midiplomado.com<\/a><\/div><\/div><\/div><\/div><!--end smicon-box--><\/div><\/div><\/div><\/div><\/div><\/div><\/div><\/div><div id=\"panel-87-0-0-2\" class=\"so-panel widget widget_social panel-last-child\" data-index=\"2\" ><div class=\"thim-border-top panel-widget-style panel-widget-style-for-87-0-0-2\" ><div class=\"thim-widget-social template-base\"><div class=\"thim-social\">\n\t\t<ul class=\"social_link\">\n\t\t<li><a class=\"facebook hasTooltip\" href=\"https:\/\/twitter.com\/MiDiplomado\" target=\"_blank\"><i class=\"fa fa-facebook\"><\/i><\/a><\/li><li><a class=\"twitter hasTooltip\" href=\"https:\/\/twitter.com\/mi_diplomado\" target=\"_blank\" ><i class=\"fa fa-twitter\"><\/i><\/a><\/li><li><a class=\"linkedin hasTooltip\" href=\"http:\/\/www.linkedin.com\/company\/midiplomado.com\" target=\"_blank\" ><i class=\"fa fa-linkedin\"><\/i><\/a><\/li>\t<\/ul>\n<\/div><\/div><\/div><\/div><\/div><div id=\"pgc-87-0-1\"  class=\"panel-grid-cell panel-grid-cell-empty\" ><\/div><div id=\"pgc-87-0-2\"  class=\"panel-grid-cell\" ><div id=\"panel-87-0-2-0\" class=\"so-panel widget widget_heading panel-first-child\" data-index=\"3\" ><div class=\"panel-widget-style panel-widget-style-for-87-0-2-0\" ><div class=\"thim-widget-heading template-base\"><div class=\"sc_heading   text-left\"><h3 style=\"text-transform: uppercase;\" class=\"title\">Cont\u00e1ctanos<\/h3><p class=\"sub-heading\" style=\"\">Tu correo electr\u00f3nico no ser\u00e1 publico. Llena los espacios y env\u00edanos un mensaje.<\/p><span class=\"line\"><\/span><\/div><\/div><\/div><\/div><div id=\"panel-87-0-2-1\" class=\"so-panel widget widget_text panel-last-child\" data-index=\"4\" >\t\t\t<div class=\"textwidget\"><div role=\"form\" class=\"wpcf7\" id=\"wpcf7-f7672-o1\" lang=\"en-US\" dir=\"ltr\">\n<div class=\"screen-reader-response\"><p role=\"status\" aria-live=\"polite\" aria-atomic=\"true\"><\/p> <ul><\/ul><\/div>\n<form action=\"\/wp\/wp-json\/wp\/v2\/pages\/87#wpcf7-f7672-o1\" method=\"post\" class=\"wpcf7-form init\" novalidate=\"novalidate\" data-status=\"init\">\n<div style=\"display: none;\">\n<input type=\"hidden\" name=\"_wpcf7\" value=\"7672\" \/>\n<input type=\"hidden\" name=\"_wpcf7_version\" value=\"5.5.2\" \/>\n<input type=\"hidden\" name=\"_wpcf7_locale\" value=\"en_US\" \/>\n<input type=\"hidden\" name=\"_wpcf7_unit_tag\" value=\"wpcf7-f7672-o1\" \/>\n<input type=\"hidden\" name=\"_wpcf7_container_post\" value=\"0\" \/>\n<input type=\"hidden\" name=\"_wpcf7_posted_data_hash\" value=\"\" \/>\n<\/div>\n<p><span class=\"wpcf7-form-control-wrap your-name\"><input type=\"text\" name=\"your-name\" value=\"\" size=\"40\" class=\"wpcf7-form-control wpcf7-text wpcf7-validates-as-required\" aria-required=\"true\" aria-invalid=\"false\" placeholder=\"Nombre completo *\" \/><\/span> <\/p>\n<p><span class=\"wpcf7-form-control-wrap your-email\"><input type=\"email\" name=\"your-email\" value=\"\" size=\"40\" class=\"wpcf7-form-control wpcf7-text wpcf7-email wpcf7-validates-as-required wpcf7-validates-as-email\" aria-required=\"true\" aria-invalid=\"false\" placeholder=\"E-mail *\" \/><\/span> <\/p>\n<p><span class=\"wpcf7-form-control-wrap your-subject\"><input type=\"text\" name=\"your-subject\" value=\"\" size=\"40\" class=\"wpcf7-form-control wpcf7-text wpcf7-validates-as-required\" aria-required=\"true\" aria-invalid=\"false\" placeholder=\"Asunto *\" \/><\/span> <\/p>\n<p><span class=\"wpcf7-form-control-wrap your-message\"><textarea name=\"your-message\" cols=\"40\" rows=\"10\" class=\"wpcf7-form-control wpcf7-textarea wpcf7-validates-as-required\" aria-required=\"true\" aria-invalid=\"false\" placeholder=\"Mensaje *\"><\/textarea><\/span> <\/p>\n<p><input type=\"submit\" value=\"Env\u00edar\" class=\"wpcf7-form-control has-spinner wpcf7-submit\" \/><\/p>\n<label class=\"apbct_special_field\" id=\"apbct_label_id34024\" for=\"apbct__email_id__wp_contact_form_7_34024\">34024<\/label><input \n        id=\"apbct__email_id__wp_contact_form_7_34024\" \n        class=\"apbct_special_field apbct__email_id__wp_contact_form_7\"\n        autocomplete=\"off\" \n        name=\"apbct__email_id__wp_contact_form_7_34024\"  \n        type=\"text\" \n        value=\"34024\" \n        size=\"30\" \n        apbct_event_id=\"34024\"\n        maxlength=\"200\" \n    \/><input \n        id=\"apbct_event_id\"\n        class=\"apbct_special_field\"\n        name=\"apbct_event_id\"\n        type=\"hidden\" \n        value=\"34024\" \n            \/><div class=\"wpcf7-response-output\" aria-hidden=\"true\"><\/div><\/form><\/div><\/div>\n\t\t<\/div><\/div><\/div><div id=\"pg-87-1\"  class=\"panel-grid panel-has-style\" ><div class=\"thim-bg-overlay text-center siteorigin-panels-stretch lazy rocket-lazyload panel-row-style panel-row-style-for-87-1\" data-stretch-type=\"full\" data-bg=\"https:\/\/www.midiplomado.com.mx\/wp\/wp-content\/uploads\/2015\/10\/banner.jpg\" ><div id=\"pgc-87-1-0\"  class=\"panel-grid-cell\" ><div id=\"panel-87-1-0-0\" class=\"so-panel widget widget_heading panel-first-child\" data-index=\"5\" ><div class=\"panel-widget-style panel-widget-style-for-87-1-0-0\" ><div class=\"thim-widget-heading template-base\"><div class=\"sc_heading   text-center\"><h3 style=\"text-transform: uppercase;color:#ffffff;\" class=\"title\">Suscr\u00edbete a nuestro Newsletter <\/h3><p class=\"sub-heading\" style=\"color:#ffffff;\">Recibe ofertas exclusivas, art\u00edculos de inter\u00e9s y noticias<\/p><span style=\"background-color:#ffffff\" class=\"line\"><\/span><\/div><\/div><\/div><\/div><div id=\"panel-87-1-0-1\" class=\"so-panel widget widget_text panel-last-child\" data-index=\"6\" >\t\t\t<div class=\"textwidget\"><script>(function() {\n\twindow.mc4wp = window.mc4wp || {\n\t\tlisteners: [],\n\t\tforms: {\n\t\t\ton: function(evt, cb) {\n\t\t\t\twindow.mc4wp.listeners.push(\n\t\t\t\t\t{\n\t\t\t\t\t\tevent   : evt,\n\t\t\t\t\t\tcallback: cb\n\t\t\t\t\t}\n\t\t\t\t);\n\t\t\t}\n\t\t}\n\t}\n})();\n<\/script><!-- Mailchimp for WordPress v4.9.9 - https:\/\/wordpress.org\/plugins\/mailchimp-for-wp\/ --><form id=\"mc4wp-form-1\" class=\"mc4wp-form mc4wp-form-3101\" method=\"post\" data-id=\"3101\" data-name=\"Default sign-up form\" ><div class=\"mc4wp-form-fields\"><p>\r\n    <input type=\"email\" name=\"EMAIL\" required=\"\" value=\"Escribe tu correo electr\u00f3nico\"><input type=\"submit\" value=\"Suscribirse\">\r\n<\/p><\/div><label style=\"display: none !important;\">Leave this field empty if you're human: <input type=\"text\" name=\"_mc4wp_honeypot\" value=\"\" tabindex=\"-1\" autocomplete=\"off\" \/><\/label><input type=\"hidden\" name=\"_mc4wp_timestamp\" value=\"1776364446\" \/><input type=\"hidden\" name=\"_mc4wp_form_id\" value=\"3101\" \/><input type=\"hidden\" name=\"_mc4wp_form_element_id\" value=\"mc4wp-form-1\" \/><div class=\"mc4wp-response\"><\/div><\/form><!-- \/ Mailchimp for WordPress Plugin --><\/div>\n\t\t<\/div><\/div><\/div><\/div><\/div>","protected":false},"excerpt":{"rendered":"<p>Informaci\u00f3n de ContactoBienvenido a MiDiplomado.com deseamos que disfrutes tu visitaPlataforma Virtualhttp:\/\/midiplomado.com\/virtualEmailhola@midiplomado.com Cont\u00e1ctanosTu correo electr\u00f3nico no ser\u00e1 publico. Llena los espacios y env\u00edanos un mensaje. 30714 Suscr\u00edbete a nuestro Newsletter Recibe ofertas exclusivas, art\u00edculos de inter\u00e9s y noticias Leave this field &hellip; <\/p>\n","protected":false},"author":3,"featured_media":0,"parent":0,"menu_order":0,"comment_status":"closed","ping_status":"closed","template":"","meta":[],"aioseo_notices":[],"_links":{"self":[{"href":"https:\/\/www.midiplomado.com.mx\/wp\/wp-json\/wp\/v2\/pages\/87"}],"collection":[{"href":"https:\/\/www.midiplomado.com.mx\/wp\/wp-json\/wp\/v2\/pages"}],"about":[{"href":"https:\/\/www.midiplomado.com.mx\/wp\/wp-json\/wp\/v2\/types\/page"}],"author":[{"embeddable":true,"href":"https:\/\/www.midiplomado.com.mx\/wp\/wp-json\/wp\/v2\/users\/3"}],"replies":[{"embeddable":true,"href":"https:\/\/www.midiplomado.com.mx\/wp\/wp-json\/wp\/v2\/comments?post=87"}],"version-history":[{"count":28,"href":"https:\/\/www.midiplomado.com.mx\/wp\/wp-json\/wp\/v2\/pages\/87\/revisions"}],"predecessor-version":[{"id":10576,"href":"https:\/\/www.midiplomado.com.mx\/wp\/wp-json\/wp\/v2\/pages\/87\/revisions\/10576"}],"wp:attachment":[{"href":"https:\/\/www.midiplomado.com.mx\/wp\/wp-json\/wp\/v2\/media?parent=87"}],"curies":[{"name":"wp","href":"https:\/\/api.w.org\/{rel}","templated":true}]}}