{"id":2901,"date":"2015-11-18T08:34:00","date_gmt":"2015-11-18T14:34:00","guid":{"rendered":"http:\/\/demo.thimpress.com\/eduma\/?page_id=2901"},"modified":"2017-05-11T16:19:03","modified_gmt":"2017-05-11T22:19:03","slug":"acerca_de","status":"publish","type":"page","link":"https:\/\/www.midiplomado.com.mx\/wp\/acerca_de\/","title":{"rendered":"Acerca de Nosotros"},"content":{"rendered":"<div id=\"pl-2901\"  class=\"panel-layout\" ><div id=\"pg-2901-0\"  class=\"panel-grid panel-no-style\" ><div id=\"pgc-2901-0-0\"  class=\"panel-grid-cell\" ><div id=\"panel-2901-0-0-0\" class=\"so-panel widget widget_heading panel-first-child panel-last-child\" data-index=\"0\" ><div class=\"panel-widget-style panel-widget-style-for-2901-0-0-0\" ><div class=\"thim-widget-heading template-base\"><div class=\"sc_heading   text-center\"><h3 style=\"text-transform: uppercase;\" class=\"title\">MiDiplomado.com<\/h3><p class=\"sub-heading\" style=\"\">Estudia desde donde quieras<\/p><span class=\"line\"><\/span><\/div><\/div><\/div><\/div><\/div><\/div><div id=\"pg-2901-1\"  class=\"panel-grid panel-no-style\" ><div id=\"pgc-2901-1-0\"  class=\"panel-grid-cell\" ><div id=\"panel-2901-1-0-0\" class=\"so-panel widget widget_counters-box panel-first-child panel-last-child\" data-index=\"1\" ><div class=\"thim-widget-counters-box template-base\"><div class=\"counter-box  about-us\" style=\"\"><div class=\"content-box-percentage\">\n\t\t<div class=\"wrap-percentage\">\n\t\t<div class=\"display-percentage\" data-percentage=\"2448\" >2448<\/div><div class=\"text_number\"><\/div><\/div><div class=\"counter-content-container\"><div class=\"counter-box-content\" style=\"\">Seguidores<\/div><\/div><\/div><\/div><\/div><\/div><\/div><div id=\"pgc-2901-1-1\"  class=\"panel-grid-cell\" ><div id=\"panel-2901-1-1-0\" class=\"so-panel widget widget_counters-box panel-first-child panel-last-child\" data-index=\"2\" ><div class=\"thim-widget-counters-box template-base\"><div class=\"counter-box  about-us\" style=\"\"><div class=\"content-box-percentage\">\n\t\t<div class=\"wrap-percentage\">\n\t\t<div class=\"display-percentage\" data-percentage=\"21\" >21<\/div><div class=\"text_number\"><\/div><\/div><div class=\"counter-content-container\"><div class=\"counter-box-content\" style=\"\">Instructores Oficiales<\/div><\/div><\/div><\/div><\/div><\/div><\/div><div id=\"pgc-2901-1-2\"  class=\"panel-grid-cell\" ><div id=\"panel-2901-1-2-0\" class=\"so-panel widget widget_counters-box panel-first-child panel-last-child\" data-index=\"3\" ><div class=\"thim-widget-counters-box template-base\"><div class=\"counter-box  about-us\" style=\"\"><div class=\"content-box-percentage\">\n\t\t<div class=\"wrap-percentage\">\n\t\t<div class=\"display-percentage\" data-percentage=\"1243\" >1243<\/div><div class=\"text_number\"><\/div><\/div><div class=\"counter-content-container\"><div class=\"counter-box-content\" style=\"\">Participantes<\/div><\/div><\/div><\/div><\/div><\/div><\/div><div id=\"pgc-2901-1-3\"  class=\"panel-grid-cell\" ><div id=\"panel-2901-1-3-0\" class=\"so-panel widget widget_counters-box panel-first-child panel-last-child\" data-index=\"4\" ><div class=\"thim-no-border panel-widget-style panel-widget-style-for-2901-1-3-0\" ><div class=\"thim-widget-counters-box template-base\"><div class=\"counter-box  about-us\" style=\"\"><div class=\"content-box-percentage\">\n\t\t<div class=\"wrap-percentage\">\n\t\t<div class=\"display-percentage\" data-percentage=\"9\" >9<\/div><div class=\"text_number\"><\/div><\/div><div class=\"counter-content-container\"><div class=\"counter-box-content\" style=\"\">Programas de Estudio<\/div><\/div><\/div><\/div><\/div><\/div><\/div><\/div><\/div><div id=\"pg-2901-2\"  class=\"panel-grid panel-no-style\" ><div id=\"pgc-2901-2-0\"  class=\"panel-grid-cell\" ><div id=\"panel-2901-2-0-0\" class=\"so-panel widget widget_gallery-images panel-first-child\" data-index=\"5\" ><div class=\"thim-widget-gallery-images template-base\"><div class=\"thim-carousel-wrapper gallery-img  \" data-visible=\"1\"data-itemtablet=\"2\" data-itemmobile=\"1\" data-autoplay=\"0\" data-navigation=\"0\" data-pagination=\"1\" data-loop=\"true\"><div class=\"item\"><img src =\"https:\/\/www.midiplomado.com.mx\/wp\/wp-content\/uploads\/2015\/11\/fq1.jpg\" width=\"1170\" height=\"550\" alt=\"\"\/><\/div><div class=\"item\"><img src =\"https:\/\/www.midiplomado.com.mx\/wp\/wp-content\/uploads\/2015\/11\/fq2.jpg\" width=\"1170\" height=\"550\" alt=\"\"\/><\/div><div class=\"item\"><img src =\"https:\/\/www.midiplomado.com.mx\/wp\/wp-content\/uploads\/2015\/11\/fq3.jpg\" width=\"1170\" height=\"550\" alt=\"\"\/><\/div><\/div><\/div><\/div><div id=\"panel-2901-2-0-1\" class=\"so-panel widget widget_text panel-last-child\" data-index=\"6\" >\t\t\t<div class=\"textwidget\"><div class=\"thim-about-us-quote\">\n<p>\u201cSeguir estudiando hoy en d\u00eda no debe de ser un lujo, es una necesidad, y nosotros estamos aqu\u00ed ayudarte a satisfacerla.\u201d<\/p>\n<div class=\"agency\">MiDiplomado.com<\/div>\n<hr>\n<\/div><\/div>\n\t\t<\/div><\/div><\/div><div id=\"pg-2901-3\"  class=\"panel-grid panel-no-style\" ><div id=\"pgc-2901-3-0\"  class=\"panel-grid-cell\" ><div id=\"panel-2901-3-0-0\" class=\"so-panel widget widget_text panel-first-child panel-last-child\" data-index=\"7\" ><h3 class=\"widget-title\">Quienes somos<\/h3>\t\t\t<div class=\"textwidget\">MiDiplomado.com es una plataforma en d\u00f3nde puedes estudiar diplomados y m\u00e1sters en l\u00ednea de la m\u00e1s alta calidad desde donde quiera que te encuentres para que sigas construyendo tu futuro a partir de los conocimientos y experiencias que desarrollar\u00e1s a lo largo de tu estancia con nostros.\n<br><br>\nS\u00edguete capacitando para desarrollar tus habilidades profesionales con programas pertinentes a la actualidad global y sobresal del resto.<\/div>\n\t\t<\/div><\/div><div id=\"pgc-2901-3-1\"  class=\"panel-grid-cell panel-grid-cell-empty\" ><\/div><div id=\"pgc-2901-3-2\"  class=\"panel-grid-cell\" ><div id=\"panel-2901-3-2-0\" class=\"so-panel widget widget_text panel-first-child panel-last-child\" data-index=\"8\" ><h3 class=\"widget-title\">\u00bfQu\u00e9 te ofrecemos?<\/h3>\t\t\t<div class=\"textwidget\">Con nosotros puedes estudiar Diplomados y M\u00e1sters en las \u00e1reas de Negocios, Humanidades y profesiones T\u00e9cnicas, es decir abarcamos todo el espectro de ramos profesionales para que encuentres una opci\u00f3n que mejor se adapte a tus deseos de seguirte preparando personal y profesionalmente.\n<br><br>\nAdem\u00e1s nuestros programas cuentan con un respaldo oficial por parte de la Secretar\u00eda de Trabajo y Previsi\u00f3n Social (STPS) de M\u00e9xico y de instituciones educativas que fomentan la educaci\u00f3n y formaci\u00f3n continua.\n<\/div>\n\t\t<\/div><\/div><\/div><div id=\"pg-2901-4\"  class=\"panel-grid panel-has-style\" ><div class=\"so-parallax siteorigin-panels-stretch panel-row-style panel-row-style-for-2901-4\" data-stretch-type=\"full\" ><img width=\"1920\" height=\"500\" src=\"https:\/\/www.midiplomado.com.mx\/wp\/wp-content\/uploads\/2015\/12\/7.jpg\" class=\"attachment-full size-full\" alt=\"\" loading=\"eager\" data-siteorigin-parallax=\"true\" srcset=\"https:\/\/www.midiplomado.com.mx\/wp\/wp-content\/uploads\/2015\/12\/7.jpg 1920w, https:\/\/www.midiplomado.com.mx\/wp\/wp-content\/uploads\/2015\/12\/7-600x156.jpg 600w, https:\/\/www.midiplomado.com.mx\/wp\/wp-content\/uploads\/2015\/12\/7-300x78.jpg 300w, https:\/\/www.midiplomado.com.mx\/wp\/wp-content\/uploads\/2015\/12\/7-768x200.jpg 768w, https:\/\/www.midiplomado.com.mx\/wp\/wp-content\/uploads\/2015\/12\/7-1024x267.jpg 1024w\" sizes=\"(max-width: 1920px) 100vw, 1920px\" \/><div id=\"pgc-2901-4-0\"  class=\"panel-grid-cell panel-grid-cell-empty\" ><\/div><\/div><\/div><div id=\"pg-2901-5\"  class=\"panel-grid panel-no-style\" ><div id=\"pgc-2901-5-0\"  class=\"panel-grid-cell\" ><div id=\"panel-2901-5-0-0\" class=\"so-panel widget widget_heading panel-first-child panel-last-child\" data-index=\"9\" ><div class=\"thim-widget-heading template-base\"><div class=\"sc_heading   text-center\"><h3 style=\"text-transform: uppercase;\" class=\"title\">Conoce nuestro a equipo<\/h3><p class=\"sub-heading\" style=\"\">Plugins your themes with even more features.<\/p><span class=\"line\"><\/span><\/div><\/div><\/div><\/div><\/div><div id=\"pg-2901-6\"  class=\"panel-grid panel-no-style\" ><div id=\"pgc-2901-6-0\"  class=\"panel-grid-cell\" ><div id=\"panel-2901-6-0-0\" class=\"so-panel widget widget_our-team panel-first-child panel-last-child\" data-index=\"10\" ><div class=\"thim-widget-our-team template-our-team\">\n<\/div><\/div><\/div><\/div><\/div>","protected":false},"excerpt":{"rendered":"<p>MiDiplomado.comEstudia desde donde quieras 2448Seguidores 21Instructores Oficiales 1243Participantes 9Programas de Estudio \u201cSeguir estudiando hoy en d\u00eda no debe de ser un lujo, es una necesidad, y nosotros estamos aqu\u00ed ayudarte a satisfacerla.\u201d MiDiplomado.com Quienes somos MiDiplomado.com es una plataforma en &hellip; <\/p>\n","protected":false},"author":7,"featured_media":0,"parent":0,"menu_order":0,"comment_status":"closed","ping_status":"closed","template":"","meta":[],"aioseo_notices":[],"_links":{"self":[{"href":"https:\/\/www.midiplomado.com.mx\/wp\/wp-json\/wp\/v2\/pages\/2901"}],"collection":[{"href":"https:\/\/www.midiplomado.com.mx\/wp\/wp-json\/wp\/v2\/pages"}],"about":[{"href":"https:\/\/www.midiplomado.com.mx\/wp\/wp-json\/wp\/v2\/types\/page"}],"author":[{"embeddable":true,"href":"https:\/\/www.midiplomado.com.mx\/wp\/wp-json\/wp\/v2\/users\/7"}],"replies":[{"embeddable":true,"href":"https:\/\/www.midiplomado.com.mx\/wp\/wp-json\/wp\/v2\/comments?post=2901"}],"version-history":[{"count":15,"href":"https:\/\/www.midiplomado.com.mx\/wp\/wp-json\/wp\/v2\/pages\/2901\/revisions"}],"predecessor-version":[{"id":8206,"href":"https:\/\/www.midiplomado.com.mx\/wp\/wp-json\/wp\/v2\/pages\/2901\/revisions\/8206"}],"wp:attachment":[{"href":"https:\/\/www.midiplomado.com.mx\/wp\/wp-json\/wp\/v2\/media?parent=2901"}],"curies":[{"name":"wp","href":"https:\/\/api.w.org\/{rel}","templated":true}]}}