{"id":11352,"date":"2019-03-22T13:33:42","date_gmt":"2019-03-22T19:33:42","guid":{"rendered":"http:\/\/www.midiplomado.com.mx\/wp\/?page_id=11352"},"modified":"2019-03-22T21:37:41","modified_gmt":"2019-03-23T03:37:41","slug":"diplomados-en-educacion","status":"publish","type":"page","link":"https:\/\/www.midiplomado.com.mx\/wp\/diplomados-en-educacion\/","title":{"rendered":"Diplomados en Educaci\u00f3n por $2,199 pesos"},"content":{"rendered":"<div id=\"pl-11352\"  class=\"panel-layout\" ><div id=\"pg-11352-0\"  class=\"panel-grid panel-no-style\" ><div id=\"pgc-11352-0-0\"  class=\"panel-grid-cell\" ><div id=\"panel-11352-0-0-0\" class=\"so-panel widget widget_sow-editor panel-first-child panel-last-child\" data-index=\"0\" ><div\n\t\t\t\n\t\t\tclass=\"so-widget-sow-editor so-widget-sow-editor-base\"\n\t\t\t\n\t\t>\n<div class=\"siteorigin-widget-tinymce textwidget\">\n\t<div class=\"\" data-block=\"true\" data-editor=\"af7k8\" data-offset-key=\"69fud-0-0\">\n<h2 class=\"_1mf _1mj\" style=\"text-align: center;\" data-offset-key=\"69fud-0-0\"><strong>Cursa 2 Diplomados para Educaci\u00f3n por un pago \u00daNICO de $2,199 pesos \ud83d\udc77\u200d\u2642\ufe0f<\/strong><\/h2>\n<\/div>\n<div class=\"\" data-block=\"true\" data-editor=\"af7k8\" data-offset-key=\"75ku7-0-0\">\n<div class=\"_1mf _1mj\" data-offset-key=\"75ku7-0-0\">\n<p><span class=\"_5mfr _47e3\"><img loading=\"lazy\" class=\"img\" role=\"presentation\" src=\"https:\/\/static.xx.fbcdn.net\/images\/emoji.php\/v9\/f50\/1\/16\/1f525.png\" alt=\"\" width=\"16\" height=\"16\" \/><\/span> Por s\u00f3lo <strong>$2,199 pesos<\/strong> incr\u00edbete a 2 diplomados de nuestra \u00e1rea de educaci\u00f3n de la siguiente lista <span class=\"_5mfr _47e3\"><img loading=\"lazy\" class=\"img\" role=\"presentation\" src=\"https:\/\/static.xx.fbcdn.net\/images\/emoji.php\/v9\/f50\/1\/16\/1f525.png\" alt=\"\" width=\"16\" height=\"16\" \/><\/span><\/p>\n<p>\u25b6\ufe0f Diplomado en Administraci\u00f3n de Instituciones Educativas: <a href=\"https:\/\/goo.gl\/DDuiKR\">Conoce el Temario Aqu\u00ed<\/a><br \/>\u25b6\ufe0f Diplomado en Educaci\u00f3n basado en Competencias: <a href=\"https:\/\/goo.gl\/TWkCGz\">Conoce el Temario Aqu\u00ed<\/a><br \/>\u25b6\ufe0f Diplomado en Neuropedagog\u00eda: <a href=\"https:\/\/goo.gl\/cKAp2H\">Conoce el Temario Aqu\u00ed<\/a><\/p>\n<p><span class=\"text_exposed_show\">Duraci\u00f3n: Hasta 4 meses (puedes concluir tus diplomados en un plazo m\u00ednimo de 2 meses)<\/span><\/p>\n<div class=\"text_exposed_show\">\n<p><span class=\"_5mfr _47e3\"><img loading=\"lazy\" class=\"img\" role=\"presentation\" src=\"https:\/\/static.xx.fbcdn.net\/images\/emoji.php\/v9\/f19\/1\/16\/1f468_200d_1f4bb.png\" alt=\"\" width=\"16\" height=\"16\" \/><\/span>Modalidad: 100% en l\u00ednea en nuestra plataforma educativa a tu propio ritmo, ingresando los d\u00edas y horas de tu preferencia para que administres c\u00f3modamente el avance de tu Diplomado.<\/p>\n<p style=\"text-align: left;\"><span style=\"color: #000000;\"><strong><img class=\"_1ift _2560 img\" src=\"https:\/\/static.xx.fbcdn.net\/images\/emoji.php\/v9\/t5a\/1\/16\/1f4b0.png\" alt=\"\ud83d\udcb0\" \/>Para inscribirse realicen su pago en:<\/strong><\/span><\/p>\n<p style=\"text-align: left;\"><span style=\"color: #000000;\">a) Tiendas de autoservicio como OXXO, 7-eleven o en los bancos que ponemos a tu disposici\u00f3n depositando en alguna de las siguientes cuentas:<\/span><\/p>\n<ul style=\"text-align: left;\">\n<li><span style=\"color: #333333;\"><strong>4766 8406 9354 3998 de Banamex<\/strong><\/span><\/li>\n<li><span style=\"color: #333333;\"><strong>4766 8407 0063 3899 de Banamex<\/strong><\/span><\/li>\n<\/ul>\n<p style=\"text-align: left;\"><span style=\"color: #000000;\">b) Transferencia a la CLABE <strong>646420125500645279<\/strong> seleccionando a STP\u00a0 o Sistemas de Transferencias de Pagos como banco receptor.<\/span><\/p>\n<p style=\"text-align: left;\"><span style=\"color: #000000;\">c) Pago a 3 meses sin intereses con Paypal o 18 mensualidades fijas con MercadoPago compr\u00e1ndolo con tu tarjeta de cr\u00e9dito aqu\u00ed.<\/span><\/p>\n<p style=\"text-align: left;\"><span style=\"color: #000000;\"><img class=\"_1ift _2560 img\" src=\"https:\/\/static.xx.fbcdn.net\/images\/emoji.php\/v9\/tea\/1\/16\/1f4ec.png\" alt=\"\ud83d\udcec\" \/> Una vez realizado tu pago nos env\u00edan el comprobante de pago junto con su nombre completo, curp por escrito y su ciudad de residencia indicando el nombre de los diplomados a cursar al correo <strong>hola@midiplomado.com<\/strong> para crear su cuenta de usuario y mandarles sus datos de acceso y el enlace para ingresar a la plataforma educativa.<\/span><\/p>\n<div class=\"\" data-block=\"true\" data-editor=\"ha1s\" data-offset-key=\"bl63l-0-0\">\n<div class=\"_1mf _1mj\" data-offset-key=\"bl63l-0-0\"><span class=\"_3gl1 _5zz4\" data-offset-key=\"bl63l-0-0\"><span class=\"_ncl\">\ud83d\uddde\ufe0f<\/span><\/span><span data-offset-key=\"bl63l-1-0\"> Diplomas y Certificados:<\/span><\/div>\n<\/div>\n<div class=\"\" data-block=\"true\" data-editor=\"ha1s\" data-offset-key=\"7ckb6-0-0\">\n<div class=\"_1mf _1mj\" data-offset-key=\"7ckb6-0-0\"><span data-offset-key=\"7ckb6-0-0\">Se entrega una Constancia de Habilidades y Competencias y un Diploma con validez curricular respaldado por el Centro de Estudios Superiores (cesnh.edu.mx), instituci\u00f3n de posgrado incorporada a la SEP, ambos documentos con un valor de 120 horas.<\/span><\/div>\n<\/div>\n<div class=\"\" data-block=\"true\" data-editor=\"ha1s\" data-offset-key=\"fag5p-0-0\">\n<div class=\"_1mf _1mj\" data-offset-key=\"fag5p-0-0\"><span data-offset-key=\"fag5p-0-0\">\u00a0<\/span><\/div>\n<\/div>\n<div class=\"\" data-block=\"true\" data-editor=\"ha1s\" data-offset-key=\"6uba8-0-0\">\n<div class=\"_1mf _1mj\" data-offset-key=\"6uba8-0-0\"><span class=\"_3gl1 _5zz4\" data-offset-key=\"6uba8-0-0\"><span class=\"_ncl\">\ud83d\udcf1<\/span><\/span><span data-offset-key=\"6uba8-1-0\"> Dudas e Informes:<\/span><\/div>\n<\/div>\n<div class=\"\" data-block=\"true\" data-editor=\"ha1s\" data-offset-key=\"6t43g-0-0\">\n<div class=\"_1mf _1mj\" data-offset-key=\"6t43g-0-0\"><span data-offset-key=\"6t43g-0-0\">Email: hola@midiplomado.com<\/span><\/div>\n<\/div>\n<div class=\"\" data-block=\"true\" data-editor=\"ha1s\" data-offset-key=\"egjhv-0-0\">\n<div class=\"_1mf _1mj\" data-offset-key=\"egjhv-0-0\"><span data-offset-key=\"egjhv-0-0\">http:\/\/www.midiplomado.com\/<\/span><\/div>\n<\/div>\n<div class=\"\" data-block=\"true\" data-editor=\"ha1s\" data-offset-key=\"6sl9h-0-0\">\n<div class=\"_1mf _1mj\" data-offset-key=\"6sl9h-0-0\"><span data-offset-key=\"6sl9h-0-0\">Oficina M\u00f3vil y Whatsapp: +52 (614) 229-4731<\/span><\/div>\n<div class=\"_1mf _1mj\" data-offset-key=\"6sl9h-0-0\">\u00a0<\/div>\n<\/div>\n<div class=\"\" data-block=\"true\" data-editor=\"ha1s\" data-offset-key=\"c63ef-0-0\">\n<div class=\"_1mf _1mj\" data-offset-key=\"c63ef-0-0\"><span class=\"_3gl1 _5zz4\" data-offset-key=\"c63ef-0-0\"><span class=\"_ncl\">\ud83c\udf93<\/span><\/span><span data-offset-key=\"c63ef-1-0\"> Con nosotros tu inversi\u00f3n est\u00e1 garantizada; contamos con convenios que puedes revisar en nuestro sitio web con instituciones de educaci\u00f3n superior, centros de capacitaci\u00f3n y adiestramiento, organismos empresariales y de certificaciones laborales; evita malas experiencias adquiriendo cursos online con empresas de dudoso respaldo.<\/span><\/div>\n<\/div>\n<div class=\"\" data-block=\"true\" data-editor=\"ha1s\" data-offset-key=\"5073h-0-0\">\n<div class=\"_1mf _1mj\" data-offset-key=\"5073h-0-0\"><span data-offset-key=\"5073h-0-0\">\u00a0<\/span><\/div>\n<\/div>\n<div class=\"\" data-block=\"true\" data-editor=\"ha1s\" data-offset-key=\"b5u34-0-0\">\n<div class=\"_1mf _1mj\" data-offset-key=\"b5u34-0-0\"><span data-offset-key=\"b5u34-0-0\">Consulta t\u00e9rminos y condiciones en <a href=\"https:\/\/goo.gl\/AhCKmX\">https:\/\/goo.gl\/AhCKmX<\/a><\/span><\/div>\n<\/div>\n<\/div>\n<\/div>\n<\/div>\n<\/div>\n<\/div><\/div><\/div><\/div><div id=\"pg-11352-1\"  class=\"panel-grid panel-no-style\" ><div id=\"pgc-11352-1-0\"  class=\"panel-grid-cell\" ><div id=\"panel-11352-1-0-0\" class=\"so-panel widget widget_heading panel-first-child panel-last-child\" data-index=\"1\" ><div class=\"thim-widget-heading template-base\"><div class=\"sc_heading   text-left\"><h3 style=\"text-transform: uppercase;\" class=\"title\">CURSA 2 DIPLOMADOS POR UN PRECIO DE OFERTA LIMITADA<\/h3><p class=\"sub-heading\" style=\"\">Inicia el 5 de Abril del 2019 y tendr\u00e1s hasta el 5 de Agosto del 2019 para concluirlos a tu propio ritmo<\/p><span class=\"line\"><\/span><\/div><\/div><\/div><\/div><\/div><div id=\"pg-11352-2\"  class=\"panel-grid panel-no-style\" ><div id=\"pgc-11352-2-0\"  class=\"panel-grid-cell panel-grid-cell-empty\" ><\/div><div id=\"pgc-11352-2-1\"  class=\"panel-grid-cell panel-grid-cell-mobile-last\" ><\/div><div id=\"pgc-11352-2-2\"  class=\"panel-grid-cell panel-grid-cell-empty\" ><\/div><\/div><div id=\"pg-11352-3\"  class=\"panel-grid panel-no-style\" ><div id=\"pgc-11352-3-0\"  class=\"panel-grid-cell\" ><div id=\"panel-11352-3-0-0\" class=\"so-panel widget widget___tm_products_carousel_widget __tm_products_carousel_widget panel-first-child panel-last-child\" data-index=\"3\" ><h3 class=\"widget-title\">Productos<\/h3><div class=\"woocommerce swiper-container tm-products-carousel-widget-container\" id=\"swiper-carousel-69e1ada8e0561\" data-uniq-id='swiper-carousel-69e1ada8e0561' data-slides-per-view='3' data-slides-per-group='1' data-slides-per-column='1' data-space-between-slides='30' data-duration-speed='500' data-swiper-loop='false' data-free-mode='false' data-grab-cursor='true' data-mouse-wheel='false' data-custom-breakpoints='false'>\n<ul class=\"swiper-wrapper tm-products-carousel-widget-wrapper products\"><li class=\"col-md-3 col-sm-6 col-xs-6 post-8936 product type-product status-publish has-post-thumbnail hentry product_cat-diplomado product_cat-prom-educ product_tag-dne swiper-slide tm-products-carousel-widget-slide\">\n    <div class=\"content__product\">\n\t\t        <div class=\"product_thumb\">\n\t\t\t\t\t\t<div class=\"quick-view\" data-prod=\"8936\"><a href=\"javascript:;\"><i class=\"fa fa-search fa-fw\"><\/i><\/a><\/div>            <a href=\"https:\/\/www.midiplomado.com.mx\/wp\/producto\/diplomado-en-neuropedagogia\/\" class=\"link-images-product\"><\/a>\n        <\/div>\n\n\n        <div class=\"product__title\">\n            <a href=\"https:\/\/www.midiplomado.com.mx\/wp\/producto\/diplomado-en-neuropedagogia\/\" class=\"title\">Diplomado en Neuropedagog\u00eda<\/a>\n            <div class=\"description\">\n\t\t\t\t<p>Diplomado en Neuropedagog\u00eda<\/p>\n<p>La Neuropedagog\u00eda aplicada ser\u00e1 el nuevo paradigma educativo en este siglo. Por ello ning\u00fan docente puede dejar de conocer c\u00f3mo aprende el cerebro para aplicar estrategias efectivas&#8230;<\/p>\n            <\/div>\n\t\t\t\n\t<span class=\"price\"><del aria-hidden=\"true\"><span class=\"woocommerce-Price-amount amount\"><bdi><span class=\"woocommerce-Price-currencySymbol\">&#36;<\/span>&nbsp;5,999.00<\/bdi><\/span><\/del> <ins><span class=\"woocommerce-Price-amount amount\"><bdi><span class=\"woocommerce-Price-currencySymbol\">&#36;<\/span>&nbsp;2,999.00<\/bdi><\/span><\/ins><\/span>\n\t\t\t        <\/div>\n    <\/div>\n<\/li>\n<li class=\"col-md-3 col-sm-6 col-xs-6 post-7939 product type-product status-publish has-post-thumbnail hentry product_cat-diplomado product_cat-prom-educ swiper-slide tm-products-carousel-widget-slide\">\n    <div class=\"content__product\">\n\t\t        <div class=\"product_thumb\">\n\t\t\t\t\t\t<div class=\"quick-view\" data-prod=\"7939\"><a href=\"javascript:;\"><i class=\"fa fa-search fa-fw\"><\/i><\/a><\/div>            <a href=\"https:\/\/www.midiplomado.com.mx\/wp\/producto\/diplomado-en-educacion-y-aprendizaje-basado-en-competencias-y-evaluacion-educativa\/\" class=\"link-images-product\"><\/a>\n        <\/div>\n\n\n        <div class=\"product__title\">\n            <a href=\"https:\/\/www.midiplomado.com.mx\/wp\/producto\/diplomado-en-educacion-y-aprendizaje-basado-en-competencias-y-evaluacion-educativa\/\" class=\"title\">Diplomado en Educaci\u00f3n y Aprendizaje basado en Competencias y Evaluaci\u00f3n Educativa<\/a>\n            <div class=\"description\">\n\t\t\t\t<p>Diplomado en\u00a0Educaci\u00f3n y Aprendizaje basado en Competencias y Evaluaci\u00f3n Educativa<br \/>\nVigencia para concluir: 4 meses<br \/>\nEntregables: Diploma con valor curricular y Constancia de Habilidades y Competencias DC3 ambos por 120 horas<\/p>\n            <\/div>\n\t\t\t\n\t<span class=\"price\"><del aria-hidden=\"true\"><span class=\"woocommerce-Price-amount amount\"><bdi><span class=\"woocommerce-Price-currencySymbol\">&#36;<\/span>&nbsp;5,999.00<\/bdi><\/span><\/del> <ins><span class=\"woocommerce-Price-amount amount\"><bdi><span class=\"woocommerce-Price-currencySymbol\">&#36;<\/span>&nbsp;2,999.00<\/bdi><\/span><\/ins><\/span>\n\t\t\t        <\/div>\n    <\/div>\n<\/li>\n<li class=\"col-md-3 col-sm-6 col-xs-6 post-7938 product type-product status-publish has-post-thumbnail hentry product_cat-diplomado product_cat-prom-educ swiper-slide tm-products-carousel-widget-slide\">\n    <div class=\"content__product\">\n\t\t        <div class=\"product_thumb\">\n\t\t\t\t\t\t<div class=\"quick-view\" data-prod=\"7938\"><a href=\"javascript:;\"><i class=\"fa fa-search fa-fw\"><\/i><\/a><\/div>            <a href=\"https:\/\/www.midiplomado.com.mx\/wp\/producto\/diplomado-en-administracion-de-instituciones-educativas\/\" class=\"link-images-product\"><\/a>\n        <\/div>\n\n\n        <div class=\"product__title\">\n            <a href=\"https:\/\/www.midiplomado.com.mx\/wp\/producto\/diplomado-en-administracion-de-instituciones-educativas\/\" class=\"title\">Diplomado en Administraci\u00f3n de Instituciones Educativas<\/a>\n            <div class=\"description\">\n\t\t\t\t<p>Diplomado en Administraci\u00f3n de Instituciones Educativas<br \/>\nVigencia para concluir: 4 meses<br \/>\nEntregables: Diploma con valor curricular y Constancia de Habilidades y Competencias DC3 ambos por 120 horas<\/p>\n            <\/div>\n\t\t\t\n\t<span class=\"price\"><del aria-hidden=\"true\"><span class=\"woocommerce-Price-amount amount\"><bdi><span class=\"woocommerce-Price-currencySymbol\">&#36;<\/span>&nbsp;5,999.00<\/bdi><\/span><\/del> <ins><span class=\"woocommerce-Price-amount amount\"><bdi><span class=\"woocommerce-Price-currencySymbol\">&#36;<\/span>&nbsp;2,999.00<\/bdi><\/span><\/ins><\/span>\n\t\t\t        <\/div>\n    <\/div>\n<\/li>\n<\/ul>\n<\/div><\/div><\/div><\/div><\/div>","protected":false},"excerpt":{"rendered":"<p>Cursa 2 Diplomados para Educaci\u00f3n por un pago \u00daNICO de $2,199 pesos \ud83d\udc77\u200d\u2642\ufe0f Por s\u00f3lo $2,199 pesos incr\u00edbete a 2 diplomados de nuestra \u00e1rea de educaci\u00f3n de la siguiente lista \u25b6\ufe0f Diplomado en Administraci\u00f3n de Instituciones Educativas: Conoce el Temario &hellip; <\/p>\n","protected":false},"author":1,"featured_media":0,"parent":0,"menu_order":0,"comment_status":"closed","ping_status":"closed","template":"","meta":[],"aioseo_notices":[],"_links":{"self":[{"href":"https:\/\/www.midiplomado.com.mx\/wp\/wp-json\/wp\/v2\/pages\/11352"}],"collection":[{"href":"https:\/\/www.midiplomado.com.mx\/wp\/wp-json\/wp\/v2\/pages"}],"about":[{"href":"https:\/\/www.midiplomado.com.mx\/wp\/wp-json\/wp\/v2\/types\/page"}],"author":[{"embeddable":true,"href":"https:\/\/www.midiplomado.com.mx\/wp\/wp-json\/wp\/v2\/users\/1"}],"replies":[{"embeddable":true,"href":"https:\/\/www.midiplomado.com.mx\/wp\/wp-json\/wp\/v2\/comments?post=11352"}],"version-history":[{"count":10,"href":"https:\/\/www.midiplomado.com.mx\/wp\/wp-json\/wp\/v2\/pages\/11352\/revisions"}],"predecessor-version":[{"id":11410,"href":"https:\/\/www.midiplomado.com.mx\/wp\/wp-json\/wp\/v2\/pages\/11352\/revisions\/11410"}],"wp:attachment":[{"href":"https:\/\/www.midiplomado.com.mx\/wp\/wp-json\/wp\/v2\/media?parent=11352"}],"curies":[{"name":"wp","href":"https:\/\/api.w.org\/{rel}","templated":true}]}}